{"id":4249,"date":"2019-06-05T12:49:56","date_gmt":"2019-06-05T12:49:56","guid":{"rendered":"https:\/\/perlaw.ca\/expertise\/real-estate\/development\/"},"modified":"2021-01-07T12:40:15","modified_gmt":"2021-01-07T17:40:15","slug":"promotion-immobiliere","status":"publish","type":"page","link":"https:\/\/perlaw.ca\/fr\/expertise\/promotion-immobiliere\/","title":{"rendered":"Promotion immobili\u00e8re"},"content":{"rendered":"<p>Depuis sa cr\u00e9ation il y a 50 ans, Perley-Robertson, Hill &amp; McDougall aide la r\u00e9gion de la capitale nationale \u00e0 cro\u00eetre. Nos juristes de la promotion immobili\u00e8re offrent aux promoteurs immobiliers et \u00e0 leurs pr\u00eateurs des conseils et services sp\u00e9cialis\u00e9s sur des questions li\u00e9es \u00e0 l\u2019acquisition initiale de terrains non am\u00e9nag\u00e9s, au rezonage, aux modifications au plan officiel, \u00e0 la division des terres, aux droits de passage et servitudes, aux accords de lotissement, etc. \u00c9tant un cabinet comptant plus de quatre d\u00e9cennies d\u2019exp\u00e9rience dans la r\u00e9gion, nous avons une connaissance unique des organismes d\u00e9cisionnels, notamment municipaux. Nous repr\u00e9sentons aussi des constructeurs dans la vente de maisons unifamiliales, de maisons en rang\u00e9e, de condominiums, d\u2019immeubles d\u2019habitation et de sites commerciaux.<\/p>\n<p>Du droit municipal \u00e0 la r\u00e9glementation environnementale, des contrats au litige, nous pouvons regrouper l\u2019expertise n\u00e9cessaire pour traiter de toute question qui d\u00e9coule de vos plans de promotion immobili\u00e8re. Nous savons comment construire ici.<\/p>\n","protected":false},"excerpt":{"rendered":"<p>Depuis sa cr\u00e9ation il y a 50 ans, Perley-Robertson, Hill &amp; McDougall aide la r\u00e9gion de la capitale nationale \u00e0 cro\u00eetre. Nos juristes de la promotion immobili\u00e8re offrent aux promoteurs immobiliers et \u00e0 leurs pr\u00eateurs des conseils et services sp\u00e9cialis\u00e9s sur des questions li\u00e9es \u00e0 l\u2019acquisition initiale de terrains non am\u00e9nag\u00e9s, au rezonage, aux modifications [&hellip;]<\/p>\n","protected":false},"author":2,"featured_media":0,"parent":4010,"menu_order":2,"comment_status":"closed","ping_status":"closed","template":"page-exp-service.php","meta":{"_acf_changed":false,"footnotes":""},"class_list":["post-4249","page","type-page","status-publish","hentry"],"acf":[],"_links":{"self":[{"href":"https:\/\/perlaw.ca\/fr\/wp-json\/wp\/v2\/pages\/4249","targetHints":{"allow":["GET"]}}],"collection":[{"href":"https:\/\/perlaw.ca\/fr\/wp-json\/wp\/v2\/pages"}],"about":[{"href":"https:\/\/perlaw.ca\/fr\/wp-json\/wp\/v2\/types\/page"}],"author":[{"embeddable":true,"href":"https:\/\/perlaw.ca\/fr\/wp-json\/wp\/v2\/users\/2"}],"replies":[{"embeddable":true,"href":"https:\/\/perlaw.ca\/fr\/wp-json\/wp\/v2\/comments?post=4249"}],"version-history":[{"count":2,"href":"https:\/\/perlaw.ca\/fr\/wp-json\/wp\/v2\/pages\/4249\/revisions"}],"predecessor-version":[{"id":5479,"href":"https:\/\/perlaw.ca\/fr\/wp-json\/wp\/v2\/pages\/4249\/revisions\/5479"}],"up":[{"embeddable":true,"href":"https:\/\/perlaw.ca\/fr\/wp-json\/wp\/v2\/pages\/4010"}],"wp:attachment":[{"href":"https:\/\/perlaw.ca\/fr\/wp-json\/wp\/v2\/media?parent=4249"}],"curies":[{"name":"wp","href":"https:\/\/api.w.org\/{rel}","templated":true}]}}