{"id":4250,"date":"2019-06-05T12:50:48","date_gmt":"2019-06-05T12:50:48","guid":{"rendered":"https:\/\/perlaw.ca\/expertise\/real-estate\/financing\/"},"modified":"2021-01-07T12:40:49","modified_gmt":"2021-01-07T17:40:49","slug":"financement","status":"publish","type":"page","link":"https:\/\/perlaw.ca\/fr\/expertise\/droit-immobilier\/financement\/","title":{"rendered":"Financement"},"content":{"rendered":"<p>Nous repr\u00e9sentons des institutions financi\u00e8res, des soci\u00e9t\u00e9s et des particuliers dans le financement d\u2019immeubles, qu\u2019il s\u2019agisse de terrains non am\u00e9nag\u00e9s, d\u2019immeubles r\u00e9sidentiels, d\u2019installations industrielles, d\u2019entrep\u00f4ts ou d\u2019immeubles commerciaux \u00e0 plusieurs locataires. Gr\u00e2ce \u00e0 la solide formation commerciale de nos juristes et \u00e0 notre connaissance de la r\u00e9gion, nous pouvons estimer la valeur d\u2019immeubles en ayant \u00e0 l\u2019esprit les besoins de notre client\u00e8le et lui fournir les bons conseils.<\/p>\n<p>Nous n\u00e9gocions et pr\u00e9parons des documents de financement, notamment des lettres d\u2019engagement, des pr\u00eats hypoth\u00e9caires, des d\u00e9bentures, des s\u00fbret\u00e9s sur bail, des hypoth\u00e8ques mobili\u00e8res et des s\u00fbret\u00e9s mobili\u00e8res. En tant que cabinet ayant 50 ans d\u2019exp\u00e9rience dans la r\u00e9gion de la capitale nationale, nous pouvons servir de lien dans la cr\u00e9ation d\u2019op\u00e9rations financi\u00e8res, donnant aux emprunteurs des r\u00e9f\u00e9rences \u00e0 des sources de financement et vice versa.<\/p>\n","protected":false},"excerpt":{"rendered":"<p>Nous repr\u00e9sentons des institutions financi\u00e8res, des soci\u00e9t\u00e9s et des particuliers dans le financement d\u2019immeubles, qu\u2019il s\u2019agisse de terrains non am\u00e9nag\u00e9s, d\u2019immeubles r\u00e9sidentiels, d\u2019installations industrielles, d\u2019entrep\u00f4ts ou d\u2019immeubles commerciaux \u00e0 plusieurs locataires. Gr\u00e2ce \u00e0 la solide formation commerciale de nos juristes et \u00e0 notre connaissance de la r\u00e9gion, nous pouvons estimer la valeur d\u2019immeubles en ayant [&hellip;]<\/p>\n","protected":false},"author":2,"featured_media":0,"parent":4245,"menu_order":3,"comment_status":"closed","ping_status":"closed","template":"page-exp-service.php","meta":{"_acf_changed":false,"footnotes":""},"class_list":["post-4250","page","type-page","status-publish","hentry"],"acf":[],"_links":{"self":[{"href":"https:\/\/perlaw.ca\/fr\/wp-json\/wp\/v2\/pages\/4250","targetHints":{"allow":["GET"]}}],"collection":[{"href":"https:\/\/perlaw.ca\/fr\/wp-json\/wp\/v2\/pages"}],"about":[{"href":"https:\/\/perlaw.ca\/fr\/wp-json\/wp\/v2\/types\/page"}],"author":[{"embeddable":true,"href":"https:\/\/perlaw.ca\/fr\/wp-json\/wp\/v2\/users\/2"}],"replies":[{"embeddable":true,"href":"https:\/\/perlaw.ca\/fr\/wp-json\/wp\/v2\/comments?post=4250"}],"version-history":[{"count":2,"href":"https:\/\/perlaw.ca\/fr\/wp-json\/wp\/v2\/pages\/4250\/revisions"}],"predecessor-version":[{"id":5480,"href":"https:\/\/perlaw.ca\/fr\/wp-json\/wp\/v2\/pages\/4250\/revisions\/5480"}],"up":[{"embeddable":true,"href":"https:\/\/perlaw.ca\/fr\/wp-json\/wp\/v2\/pages\/4245"}],"wp:attachment":[{"href":"https:\/\/perlaw.ca\/fr\/wp-json\/wp\/v2\/media?parent=4250"}],"curies":[{"name":"wp","href":"https:\/\/api.w.org\/{rel}","templated":true}]}}