{"id":4251,"date":"2019-06-05T12:51:40","date_gmt":"2019-06-05T12:51:40","guid":{"rendered":"https:\/\/perlaw.ca\/expertise\/real-estate\/mortgage-enforcement\/"},"modified":"2019-10-01T18:49:38","modified_gmt":"2019-10-01T18:49:38","slug":"execution-dhypotheques","status":"publish","type":"page","link":"https:\/\/perlaw.ca\/fr\/expertise\/droit-immobilier\/execution-dhypotheques\/","title":{"rendered":"Ex\u00e9cution d\u2019hypoth\u00e8ques"},"content":{"rendered":"<p>L\u2019ex\u00e9cution d\u2019une s\u00fbret\u00e9 immobili\u00e8re est un domaine essentiel de pratique de notre Groupe du droit immobilier. Nous repr\u00e9sentons principalement des pr\u00eateurs, y compris des institutions financi\u00e8res, des soci\u00e9t\u00e9s et des particuliers, dans l\u2019ex\u00e9cution de leur s\u00fbret\u00e9 contre les emprunteurs en d\u00e9faut. Chez Perley-Robertson, Hill &amp; McDougall, nous offrons \u00e0 notre client\u00e8le la diligence et l\u2019expertise n\u00e9cessaires pour \u00e9valuer de fa\u00e7on exhaustive chaque situation afin d\u2019\u00e9tablir le mode d\u2019ex\u00e9cution qui entra\u00eenera le recouvrement le plus \u00e9lev\u00e9 pour le pr\u00eateur.<\/p>\n<p>L\u2019efficacit\u00e9 est essentielle. Nous nous sp\u00e9cialisons dans la prise des mesures rapides n\u00e9cessaires pour emp\u00eacher la d\u00e9t\u00e9rioration de l\u2019immeuble et limiter la perte de valeur caus\u00e9e par l\u2019accumulation des arr\u00e9rages d\u2019int\u00e9r\u00eats, des taxes et des autres frais li\u00e9s. Nous fournissons des conseils r\u00e9guli\u00e8rement et soulevons des pr\u00e9occupations concernant les d\u00e9cisions commerciales envisag\u00e9es. Agir rapidement ne doit jamais signifier agir de fa\u00e7on impr\u00e9voyante. Nous aidons les pr\u00eateurs \u00e0 maximiser le recouvrement de leurs cr\u00e9ances et \u00e0 minimiser le potentiel de litige.<\/p>\n","protected":false},"excerpt":{"rendered":"<p>L\u2019ex\u00e9cution d\u2019une s\u00fbret\u00e9 immobili\u00e8re est un domaine essentiel de pratique de notre Groupe du droit immobilier. Nous repr\u00e9sentons principalement des pr\u00eateurs, y compris des institutions financi\u00e8res, des soci\u00e9t\u00e9s et des particuliers, dans l\u2019ex\u00e9cution de leur s\u00fbret\u00e9 contre les emprunteurs en d\u00e9faut. Chez Perley-Robertson, Hill &amp; McDougall, nous offrons \u00e0 notre client\u00e8le la diligence et l\u2019expertise [&hellip;]<\/p>\n","protected":false},"author":2,"featured_media":0,"parent":4245,"menu_order":4,"comment_status":"closed","ping_status":"closed","template":"page-exp-service.php","meta":{"_acf_changed":false,"footnotes":""},"class_list":["post-4251","page","type-page","status-publish","hentry"],"acf":[],"_links":{"self":[{"href":"https:\/\/perlaw.ca\/fr\/wp-json\/wp\/v2\/pages\/4251","targetHints":{"allow":["GET"]}}],"collection":[{"href":"https:\/\/perlaw.ca\/fr\/wp-json\/wp\/v2\/pages"}],"about":[{"href":"https:\/\/perlaw.ca\/fr\/wp-json\/wp\/v2\/types\/page"}],"author":[{"embeddable":true,"href":"https:\/\/perlaw.ca\/fr\/wp-json\/wp\/v2\/users\/2"}],"replies":[{"embeddable":true,"href":"https:\/\/perlaw.ca\/fr\/wp-json\/wp\/v2\/comments?post=4251"}],"version-history":[{"count":1,"href":"https:\/\/perlaw.ca\/fr\/wp-json\/wp\/v2\/pages\/4251\/revisions"}],"predecessor-version":[{"id":4260,"href":"https:\/\/perlaw.ca\/fr\/wp-json\/wp\/v2\/pages\/4251\/revisions\/4260"}],"up":[{"embeddable":true,"href":"https:\/\/perlaw.ca\/fr\/wp-json\/wp\/v2\/pages\/4245"}],"wp:attachment":[{"href":"https:\/\/perlaw.ca\/fr\/wp-json\/wp\/v2\/media?parent=4251"}],"curies":[{"name":"wp","href":"https:\/\/api.w.org\/{rel}","templated":true}]}}