{"id":4252,"date":"2019-06-05T12:52:21","date_gmt":"2019-06-05T12:52:21","guid":{"rendered":"https:\/\/perlaw.ca\/expertise\/real-estate\/public-private-partnerships\/"},"modified":"2019-10-01T18:51:11","modified_gmt":"2019-10-01T18:51:11","slug":"partenariats-public-prive","status":"publish","type":"page","link":"https:\/\/perlaw.ca\/fr\/expertise\/droit-immobilier\/partenariats-public-prive\/","title":{"rendered":"Partenariats public-priv\u00e9"},"content":{"rendered":"<p>Perley-Robertson, Hill et McDougall est reconnu comme chef de file de l\u2019industrie, procurant un \u00e9ventail complet de services juridiques aff\u00e9rents aux partenariats public-priv\u00e9.\u00a0Nous avons donn\u00e9 des conseils \u00e0 des gouvernements et \u00e0 des entit\u00e9s gouvernementales, \u00e0 des investisseurs, \u00e0 des promoteurs et \u00e0 des pr\u00eateurs participant \u00e0 ces op\u00e9rations.<\/p>\n<p>Une vari\u00e9t\u00e9 de besoins peut donner naissance \u00e0 des partenariats public-priv\u00e9. Il y a des projets publics \u00e0 grande \u00e9chelle pour lesquels le gouvernement recherche des partenaires priv\u00e9s pour contribuer au financement. Il y a des projets commerciaux ayant des incidences sur le bien public pour lesquels on peut offrir des terres publiques ou du financement public (ce qui peut aussi viser \u00e0 prot\u00e9ger le public contre la monopolisation priv\u00e9e). De l\u2019infrastructure, comme des h\u00f4pitaux ou des centres de congr\u00e8s, peuvent \u00eatre construites par le secteur priv\u00e9 sur des terres publiques. Peu importe leur origine, de tels projets sont g\u00e9n\u00e9ralement complexes et n\u00e9cessitent une compr\u00e9hension non seulement des projets eux-m\u00eames, mais de la nature des organismes gouvernementaux en cause et des restrictions qui leur sont impos\u00e9es.<\/p>\n<p>Nos juristes de l\u2019immobilier commercial ont une exp\u00e9rience sans \u00e9gale dans ce domaine unique. Nous avons contribu\u00e9 \u00e0 la cr\u00e9ation du cadre strat\u00e9gique et de la structure juridique complexe de participation du gouvernement de l\u2019Ontario aux partenariats public-priv\u00e9. Notre r\u00e9gime \u00e0 plusieurs volets a depuis \u00e9t\u00e9 utilis\u00e9 pour la construction de plusieurs h\u00f4pitaux en Ontario.<\/p>\n<p>Pour faciliter les partenariats public-priv\u00e9, nous travaillons en \u00e9troite collaboration avec d\u2019autres au besoin. \u00c0 l\u2019interne, nous tirons profit de l\u2019expertise de juristes sp\u00e9cialis\u00e9s dans les fusions et acquisitions, le droit fiscal, les march\u00e9s financiers, le financement de projets, les services bancaires, le droit immobilier, le droit du travail et de l\u2019emploi, les pensions, le droit de la concurrence, la propri\u00e9t\u00e9 intellectuelle, le droit de la technologie de l\u2019information, le droit environnemental, administratif et r\u00e9glementaire ainsi que le droit municipal.<\/p>\n","protected":false},"excerpt":{"rendered":"<p>Perley-Robertson, Hill et McDougall est reconnu comme chef de file de l\u2019industrie, procurant un \u00e9ventail complet de services juridiques aff\u00e9rents aux partenariats public-priv\u00e9.\u00a0Nous avons donn\u00e9 des conseils \u00e0 des gouvernements et \u00e0 des entit\u00e9s gouvernementales, \u00e0 des investisseurs, \u00e0 des promoteurs et \u00e0 des pr\u00eateurs participant \u00e0 ces op\u00e9rations. Une vari\u00e9t\u00e9 de besoins peut donner [&hellip;]<\/p>\n","protected":false},"author":2,"featured_media":0,"parent":4245,"menu_order":5,"comment_status":"closed","ping_status":"closed","template":"page-exp-service.php","meta":{"_acf_changed":false,"footnotes":""},"class_list":["post-4252","page","type-page","status-publish","hentry"],"acf":[],"_links":{"self":[{"href":"https:\/\/perlaw.ca\/fr\/wp-json\/wp\/v2\/pages\/4252","targetHints":{"allow":["GET"]}}],"collection":[{"href":"https:\/\/perlaw.ca\/fr\/wp-json\/wp\/v2\/pages"}],"about":[{"href":"https:\/\/perlaw.ca\/fr\/wp-json\/wp\/v2\/types\/page"}],"author":[{"embeddable":true,"href":"https:\/\/perlaw.ca\/fr\/wp-json\/wp\/v2\/users\/2"}],"replies":[{"embeddable":true,"href":"https:\/\/perlaw.ca\/fr\/wp-json\/wp\/v2\/comments?post=4252"}],"version-history":[{"count":2,"href":"https:\/\/perlaw.ca\/fr\/wp-json\/wp\/v2\/pages\/4252\/revisions"}],"predecessor-version":[{"id":4262,"href":"https:\/\/perlaw.ca\/fr\/wp-json\/wp\/v2\/pages\/4252\/revisions\/4262"}],"up":[{"embeddable":true,"href":"https:\/\/perlaw.ca\/fr\/wp-json\/wp\/v2\/pages\/4245"}],"wp:attachment":[{"href":"https:\/\/perlaw.ca\/fr\/wp-json\/wp\/v2\/media?parent=4252"}],"curies":[{"name":"wp","href":"https:\/\/api.w.org\/{rel}","templated":true}]}}