{"id":4267,"date":"2019-05-16T13:52:56","date_gmt":"2019-05-16T13:52:56","guid":{"rendered":"https:\/\/perlaw.ca\/about\/"},"modified":"2025-08-06T12:17:20","modified_gmt":"2025-08-06T16:17:20","slug":"a-notre-sujet","status":"publish","type":"page","link":"https:\/\/perlaw.ca\/fr\/a-notre-sujet\/","title":{"rendered":"\u00c0 notre sujet"},"content":{"rendered":"<div class=\"col2\">\n<p>Perley-Robertson, Hill &amp; McDougall est devenu le principal cabinet d\u2019avocats ind\u00e9pendant de la r\u00e9gion de la capitale nationale et s\u2019est taill\u00e9 une r\u00e9putation internationale de chef de file dans l\u2019industrie. Nous vous procurons des options claires et les recommandations dont vous avez besoin pour aller de l\u2019avant et prendre des d\u00e9cisions.<\/p>\n<p>Nos juristes offrent tout l\u2019\u00e9ventail d\u2019expertise juridique dans une vaste gamme de secteurs, mais notre approche est uniforme. Nous vous parlons de fa\u00e7on humaine. Nous demeurons en contact avec vous, nous vous donnons l\u2019attention que vous m\u00e9ritez et nous vous r\u00e9pondons rapidement. Nous prenons le temps n\u00e9cessaire pour vous conna\u00eetre et conna\u00eetre vos buts et vos objectifs commerciaux. Il n\u2019est pas facile d\u2019\u00e9tablir ce genre de relation, mais cela nous permet d\u2019\u00e9laborer les solutions personnalis\u00e9es propres \u00e0 votre secteur qui donnent des r\u00e9sultats.<\/p>\n<\/div>\n","protected":false},"excerpt":{"rendered":"<p>Perley-Robertson, Hill &amp; McDougall est devenu le principal cabinet d\u2019avocats ind\u00e9pendant de la r\u00e9gion de la capitale nationale et s\u2019est taill\u00e9 une r\u00e9putation internationale de chef de file dans l\u2019industrie. Nous vous procurons des options claires et les recommandations dont vous avez besoin pour aller de l\u2019avant et prendre des d\u00e9cisions. Nos juristes offrent tout [&hellip;]<\/p>\n","protected":false},"author":2,"featured_media":3761,"parent":0,"menu_order":4,"comment_status":"closed","ping_status":"closed","template":"","meta":{"_acf_changed":false,"footnotes":""},"class_list":["post-4267","page","type-page","status-publish","has-post-thumbnail","hentry"],"acf":[],"_links":{"self":[{"href":"https:\/\/perlaw.ca\/fr\/wp-json\/wp\/v2\/pages\/4267","targetHints":{"allow":["GET"]}}],"collection":[{"href":"https:\/\/perlaw.ca\/fr\/wp-json\/wp\/v2\/pages"}],"about":[{"href":"https:\/\/perlaw.ca\/fr\/wp-json\/wp\/v2\/types\/page"}],"author":[{"embeddable":true,"href":"https:\/\/perlaw.ca\/fr\/wp-json\/wp\/v2\/users\/2"}],"replies":[{"embeddable":true,"href":"https:\/\/perlaw.ca\/fr\/wp-json\/wp\/v2\/comments?post=4267"}],"version-history":[{"count":7,"href":"https:\/\/perlaw.ca\/fr\/wp-json\/wp\/v2\/pages\/4267\/revisions"}],"predecessor-version":[{"id":7797,"href":"https:\/\/perlaw.ca\/fr\/wp-json\/wp\/v2\/pages\/4267\/revisions\/7797"}],"wp:featuredmedia":[{"embeddable":true,"href":"https:\/\/perlaw.ca\/fr\/wp-json\/wp\/v2\/media\/3761"}],"wp:attachment":[{"href":"https:\/\/perlaw.ca\/fr\/wp-json\/wp\/v2\/media?parent=4267"}],"curies":[{"name":"wp","href":"https:\/\/api.w.org\/{rel}","templated":true}]}}