{"id":4268,"date":"2019-05-27T18:43:30","date_gmt":"2019-05-27T18:43:30","guid":{"rendered":"https:\/\/perlaw.ca\/about\/community\/"},"modified":"2021-01-21T12:48:01","modified_gmt":"2021-01-21T17:48:01","slug":"collectivite","status":"publish","type":"page","link":"https:\/\/perlaw.ca\/fr\/a-notre-sujet\/collectivite\/","title":{"rendered":"Collectivit\u00e9"},"content":{"rendered":"<div class=\"col2\">Perley-Robertson, Hill &amp; McDougall fait partie de la r\u00e9gion de la capitale nationale depuis 50 ans. Il s\u2019agit de notre domicile et de notre collectivit\u00e9, et notre r\u00e9ussite et croissance ont refl\u00e9t\u00e9 ceux de cette r\u00e9gion. Nos fondateurs avaient envisag\u00e9 que ce cabinet serait un pilier de la collectivit\u00e9, et c\u2019est ce qu\u2019il est devenu au cours des d\u00e9cennies suivantes. Nous prenons au s\u00e9rieux notre service \u00e0 notre collectivit\u00e9, engagement que nous transmettons \u00e0 nos nouveaux et nouvelles professionnel(le)s, alors que nous croissons comme \u00e9quipe. Nous somme pass\u00e9s de 4 \u00e0 50 juristes, mais cet esprit demeure. La r\u00e9ussite de cette collectivit\u00e9 a toujours \u00e9t\u00e9 une mesure de la r\u00e9ussite de notre cabinet. Nous sommes fiers de notre service communautaire. Cliquez sur les pages de cette section pour de plus amples renseignements sur le travail que nous faisons ici.<\/div>\n","protected":false},"excerpt":{"rendered":"<p>Perley-Robertson, Hill &amp; McDougall fait partie de la r\u00e9gion de la capitale nationale depuis 50 ans. Il s\u2019agit de notre domicile et de notre collectivit\u00e9, et notre r\u00e9ussite et croissance ont refl\u00e9t\u00e9 ceux de cette r\u00e9gion. Nos fondateurs avaient envisag\u00e9 que ce cabinet serait un pilier de la collectivit\u00e9, et c\u2019est ce qu\u2019il est devenu [&hellip;]<\/p>\n","protected":false},"author":2,"featured_media":3790,"parent":4267,"menu_order":0,"comment_status":"closed","ping_status":"closed","template":"","meta":{"_acf_changed":false,"footnotes":""},"class_list":["post-4268","page","type-page","status-publish","has-post-thumbnail","hentry"],"acf":[],"_links":{"self":[{"href":"https:\/\/perlaw.ca\/fr\/wp-json\/wp\/v2\/pages\/4268","targetHints":{"allow":["GET"]}}],"collection":[{"href":"https:\/\/perlaw.ca\/fr\/wp-json\/wp\/v2\/pages"}],"about":[{"href":"https:\/\/perlaw.ca\/fr\/wp-json\/wp\/v2\/types\/page"}],"author":[{"embeddable":true,"href":"https:\/\/perlaw.ca\/fr\/wp-json\/wp\/v2\/users\/2"}],"replies":[{"embeddable":true,"href":"https:\/\/perlaw.ca\/fr\/wp-json\/wp\/v2\/comments?post=4268"}],"version-history":[{"count":4,"href":"https:\/\/perlaw.ca\/fr\/wp-json\/wp\/v2\/pages\/4268\/revisions"}],"predecessor-version":[{"id":5538,"href":"https:\/\/perlaw.ca\/fr\/wp-json\/wp\/v2\/pages\/4268\/revisions\/5538"}],"up":[{"embeddable":true,"href":"https:\/\/perlaw.ca\/fr\/wp-json\/wp\/v2\/pages\/4267"}],"wp:featuredmedia":[{"embeddable":true,"href":"https:\/\/perlaw.ca\/fr\/wp-json\/wp\/v2\/media\/3790"}],"wp:attachment":[{"href":"https:\/\/perlaw.ca\/fr\/wp-json\/wp\/v2\/media?parent=4268"}],"curies":[{"name":"wp","href":"https:\/\/api.w.org\/{rel}","templated":true}]}}