{"id":4269,"date":"2019-05-27T20:29:33","date_gmt":"2019-05-27T20:29:33","guid":{"rendered":"https:\/\/perlaw.ca\/about\/careers\/"},"modified":"2023-10-04T13:13:55","modified_gmt":"2023-10-04T17:13:55","slug":"carrieres","status":"publish","type":"page","link":"https:\/\/perlaw.ca\/fr\/a-notre-sujet\/carrieres\/","title":{"rendered":"Carri\u00e8res"},"content":{"rendered":"<div><\/div>\n<div class=\"col2\">\n<p>Nous ne faisons pas que travailler dans la r\u00e9gion de la capitale nationale; nous faisons partie de la collectivit\u00e9.Chez Perley-Robertson, Hill &amp; McDougall, nous avons grandi en ajoutant continuellement des personnes d\u2019un talent et d\u2019une expertise exceptionnels. Nous sommes toujours en croissance et recherchons des personnes \u00e0 r\u00e9alisations majeures qui feront en sorte que notre tradition d\u2019engagement \u00e0 l\u2019\u00e9gard de la collectivit\u00e9 demeure solide. Nous sommes un cabinet ax\u00e9 sur notre client\u00e8le et nous offrons \u00e0 notre \u00e9quipe l\u2019occasion exceptionnelle d\u2019\u00e9tablir des carri\u00e8res \u00e0 la fine pointe dans le secteur. De nombreux membres de notre cabinet l\u2019ont fait.<\/p>\n<p>Les principaux attributs de notre \u00e9quipe, qu\u2019il s\u2019agisse des juristes et des stagiaires ou du personnel de soutien juridique, sont l\u2019efficacit\u00e9 et la souplesse.<\/p>\n<p>Si vous poss\u00e9dez ces qualit\u00e9s, veuillez communiquez avec nous pour obtenir de plus amples renseignements.<\/p>\n<\/div>\n<div style=\"text-align: center; margin-top: 1.5em; display: block;\"><img loading=\"lazy\" decoding=\"async\" class=\"alignnone size-medium wp-image-6674\" src=\"https:\/\/perlaw.ca\/wp-content\/uploads\/2023\/06\/sme-pme-2023-243x300.png\" alt=\"\" width=\"243\" height=\"300\" srcset=\"https:\/\/perlaw.ca\/wp-content\/uploads\/2023\/06\/sme-pme-2023-243x300.png 243w, https:\/\/perlaw.ca\/wp-content\/uploads\/2023\/06\/sme-pme-2023.png 582w\" sizes=\"auto, (max-width: 243px) 100vw, 243px\" \/> \u00a0 <img loading=\"lazy\" decoding=\"async\" class=\"alignnone size-medium wp-image-6614\" src=\"https:\/\/perlaw.ca\/wp-content\/uploads\/2023\/02\/national-capital-2023-300x300.png\" alt=\"\" width=\"300\" height=\"300\" srcset=\"https:\/\/perlaw.ca\/wp-content\/uploads\/2023\/02\/national-capital-2023-300x300.png 300w, https:\/\/perlaw.ca\/wp-content\/uploads\/2023\/02\/national-capital-2023-150x150.png 150w, https:\/\/perlaw.ca\/wp-content\/uploads\/2023\/02\/national-capital-2023-768x766.png 768w, https:\/\/perlaw.ca\/wp-content\/uploads\/2023\/02\/national-capital-2023.png 816w\" sizes=\"auto, (max-width: 300px) 100vw, 300px\" \/><\/div>\n","protected":false},"excerpt":{"rendered":"<p>Nous ne faisons pas que travailler dans la r\u00e9gion de la capitale nationale; nous faisons partie de la collectivit\u00e9.Chez Perley-Robertson, Hill &amp; McDougall, nous avons grandi en ajoutant continuellement des personnes d\u2019un talent et d\u2019une expertise exceptionnels. Nous sommes toujours en croissance et recherchons des personnes \u00e0 r\u00e9alisations majeures qui feront en sorte que notre [&hellip;]<\/p>\n","protected":false},"author":2,"featured_media":3789,"parent":4267,"menu_order":1,"comment_status":"closed","ping_status":"closed","template":"","meta":{"_acf_changed":false,"footnotes":""},"class_list":["post-4269","page","type-page","status-publish","has-post-thumbnail","hentry"],"acf":[],"_links":{"self":[{"href":"https:\/\/perlaw.ca\/fr\/wp-json\/wp\/v2\/pages\/4269","targetHints":{"allow":["GET"]}}],"collection":[{"href":"https:\/\/perlaw.ca\/fr\/wp-json\/wp\/v2\/pages"}],"about":[{"href":"https:\/\/perlaw.ca\/fr\/wp-json\/wp\/v2\/types\/page"}],"author":[{"embeddable":true,"href":"https:\/\/perlaw.ca\/fr\/wp-json\/wp\/v2\/users\/2"}],"replies":[{"embeddable":true,"href":"https:\/\/perlaw.ca\/fr\/wp-json\/wp\/v2\/comments?post=4269"}],"version-history":[{"count":4,"href":"https:\/\/perlaw.ca\/fr\/wp-json\/wp\/v2\/pages\/4269\/revisions"}],"predecessor-version":[{"id":6958,"href":"https:\/\/perlaw.ca\/fr\/wp-json\/wp\/v2\/pages\/4269\/revisions\/6958"}],"up":[{"embeddable":true,"href":"https:\/\/perlaw.ca\/fr\/wp-json\/wp\/v2\/pages\/4267"}],"wp:featuredmedia":[{"embeddable":true,"href":"https:\/\/perlaw.ca\/fr\/wp-json\/wp\/v2\/media\/3789"}],"wp:attachment":[{"href":"https:\/\/perlaw.ca\/fr\/wp-json\/wp\/v2\/media?parent=4269"}],"curies":[{"name":"wp","href":"https:\/\/api.w.org\/{rel}","templated":true}]}}