{"id":4270,"date":"2019-07-16T17:11:59","date_gmt":"2019-07-16T17:11:59","guid":{"rendered":"https:\/\/perlaw.ca\/about\/diversity-and-inclusion\/"},"modified":"2023-10-04T13:13:17","modified_gmt":"2023-10-04T17:13:17","slug":"diversite-et-inclusion","status":"publish","type":"page","link":"https:\/\/perlaw.ca\/fr\/a-notre-sujet\/diversite-et-inclusion\/","title":{"rendered":"Diversit\u00e9 et inclusion"},"content":{"rendered":"<div class=\"col2\">Perley-Robertson, Hill &amp; McDougall LLP\/s.r.l. s&rsquo;engage \u00e0 maintenir un environnement o\u00f9 les employ\u00e9s de toutes origines se sentent \u00e0 l&rsquo;aise et respect\u00e9s. Nous prosp\u00e9rons gr\u00e2ce \u00e0 notre groupe de personnes ayant des perspectives, des identit\u00e9s et des cultures diverses. L&rsquo;entreprise croit qu&rsquo;une communaut\u00e9 est forte et prosp\u00e8re lorsque tous sont soutenus et inclus. Nous sommes fiers de poursuivre notre engagement au sein de la communaut\u00e9 afin de nous assurer que la sensibilisation \u00e0 la diversit\u00e9 soit d\u00e9velopp\u00e9e tant \u00e0 l&rsquo;interne qu&rsquo;\u00e0 l&rsquo;externe.<\/div>\n","protected":false},"excerpt":{"rendered":"<p>Perley-Robertson, Hill &amp; McDougall LLP\/s.r.l. s&rsquo;engage \u00e0 maintenir un environnement o\u00f9 les employ\u00e9s de toutes origines se sentent \u00e0 l&rsquo;aise et respect\u00e9s. Nous prosp\u00e9rons gr\u00e2ce \u00e0 notre groupe de personnes ayant des perspectives, des identit\u00e9s et des cultures diverses. L&rsquo;entreprise croit qu&rsquo;une communaut\u00e9 est forte et prosp\u00e8re lorsque tous sont soutenus et inclus. Nous sommes [&hellip;]<\/p>\n","protected":false},"author":2,"featured_media":3822,"parent":4267,"menu_order":2,"comment_status":"closed","ping_status":"closed","template":"page-inclusion.php","meta":{"_acf_changed":false,"footnotes":""},"class_list":["post-4270","page","type-page","status-publish","has-post-thumbnail","hentry"],"acf":[],"_links":{"self":[{"href":"https:\/\/perlaw.ca\/fr\/wp-json\/wp\/v2\/pages\/4270","targetHints":{"allow":["GET"]}}],"collection":[{"href":"https:\/\/perlaw.ca\/fr\/wp-json\/wp\/v2\/pages"}],"about":[{"href":"https:\/\/perlaw.ca\/fr\/wp-json\/wp\/v2\/types\/page"}],"author":[{"embeddable":true,"href":"https:\/\/perlaw.ca\/fr\/wp-json\/wp\/v2\/users\/2"}],"replies":[{"embeddable":true,"href":"https:\/\/perlaw.ca\/fr\/wp-json\/wp\/v2\/comments?post=4270"}],"version-history":[{"count":10,"href":"https:\/\/perlaw.ca\/fr\/wp-json\/wp\/v2\/pages\/4270\/revisions"}],"predecessor-version":[{"id":6957,"href":"https:\/\/perlaw.ca\/fr\/wp-json\/wp\/v2\/pages\/4270\/revisions\/6957"}],"up":[{"embeddable":true,"href":"https:\/\/perlaw.ca\/fr\/wp-json\/wp\/v2\/pages\/4267"}],"wp:featuredmedia":[{"embeddable":true,"href":"https:\/\/perlaw.ca\/fr\/wp-json\/wp\/v2\/media\/3822"}],"wp:attachment":[{"href":"https:\/\/perlaw.ca\/fr\/wp-json\/wp\/v2\/media?parent=4270"}],"curies":[{"name":"wp","href":"https:\/\/api.w.org\/{rel}","templated":true}]}}