{"id":4294,"date":"2019-05-16T13:53:11","date_gmt":"2019-05-16T13:53:11","guid":{"rendered":"https:\/\/perlaw.ca\/our-people\/"},"modified":"2022-09-29T15:20:57","modified_gmt":"2022-09-29T19:20:57","slug":"nos-gens","status":"publish","type":"page","link":"https:\/\/perlaw.ca\/fr\/nos-gens\/","title":{"rendered":"Nos gens"},"content":{"rendered":"<div class=\"col2\">\n<p>Chez Perley-Robertson, Hill &amp; McDougall, nous croyons que de solides aptitudes de communication sont aussi importantes que de solides comp\u00e9tences juridiques. Il faut les deux pour fournir le genre de services sur lequel nous avons \u00e9tabli notre cabinet et notre r\u00e9putation. Chaque membre de notre personnel offre des comp\u00e9tences uniques, et chaque pratique est conforme aux forces historiques de notre cabinet. Nos sp\u00e9cialistes juridiques offrent clart\u00e9, priorit\u00e9, indications et efficacit\u00e9. Nos r\u00e9sultats, de m\u00eame que nos relations de longue date avec notre client\u00e8le, parlent d\u2019eux-m\u00eames.<\/p>\n<p>En tant que plus important cabinet ind\u00e9pendant de la r\u00e9gion de la capitale nationale, nous offrons une expertise dans toute la gamme des services juridiques, compl\u00e9t\u00e9e par une vaste exp\u00e9rience dans un \u00e9ventail de secteurs. Nonobstant leur domaine d\u2019expertise, nos professionnel(le)s du droit ont en commun la capacit\u00e9 d\u2019\u00e9couter notre client\u00e8le et d\u2019en comprendre les besoins ainsi que de communiquer des options claires et des recommandations rigoureuses qui comblent ces besoins.<\/p>\n<\/div>\n","protected":false},"excerpt":{"rendered":"<p>Chez Perley-Robertson, Hill &amp; McDougall, nous croyons que de solides aptitudes de communication sont aussi importantes que de solides comp\u00e9tences juridiques. Il faut les deux pour fournir le genre de services sur lequel nous avons \u00e9tabli notre cabinet et notre r\u00e9putation. Chaque membre de notre personnel offre des comp\u00e9tences uniques, et chaque pratique est conforme [&hellip;]<\/p>\n","protected":false},"author":2,"featured_media":3801,"parent":0,"menu_order":6,"comment_status":"closed","ping_status":"closed","template":"page-people.php","meta":{"_acf_changed":false,"footnotes":""},"class_list":["post-4294","page","type-page","status-publish","has-post-thumbnail","hentry"],"acf":[],"_links":{"self":[{"href":"https:\/\/perlaw.ca\/fr\/wp-json\/wp\/v2\/pages\/4294","targetHints":{"allow":["GET"]}}],"collection":[{"href":"https:\/\/perlaw.ca\/fr\/wp-json\/wp\/v2\/pages"}],"about":[{"href":"https:\/\/perlaw.ca\/fr\/wp-json\/wp\/v2\/types\/page"}],"author":[{"embeddable":true,"href":"https:\/\/perlaw.ca\/fr\/wp-json\/wp\/v2\/users\/2"}],"replies":[{"embeddable":true,"href":"https:\/\/perlaw.ca\/fr\/wp-json\/wp\/v2\/comments?post=4294"}],"version-history":[{"count":3,"href":"https:\/\/perlaw.ca\/fr\/wp-json\/wp\/v2\/pages\/4294\/revisions"}],"predecessor-version":[{"id":6484,"href":"https:\/\/perlaw.ca\/fr\/wp-json\/wp\/v2\/pages\/4294\/revisions\/6484"}],"wp:featuredmedia":[{"embeddable":true,"href":"https:\/\/perlaw.ca\/fr\/wp-json\/wp\/v2\/media\/3801"}],"wp:attachment":[{"href":"https:\/\/perlaw.ca\/fr\/wp-json\/wp\/v2\/media?parent=4294"}],"curies":[{"name":"wp","href":"https:\/\/api.w.org\/{rel}","templated":true}]}}