{"id":4296,"date":"2019-06-25T00:15:26","date_gmt":"2019-06-25T00:15:26","guid":{"rendered":"https:\/\/perlaw.ca\/our-people\/law-clerks\/"},"modified":"2019-10-01T20:40:20","modified_gmt":"2019-10-01T20:40:20","slug":"commis-juridiques","status":"publish","type":"page","link":"https:\/\/perlaw.ca\/fr\/nos-gens\/commis-juridiques\/","title":{"rendered":"Commis juridiques"},"content":{"rendered":"<p>Les commis assistent les avocats dans la pr\u00e9paration et l&rsquo;administration de leurs obligations juridiques. Ils prennent une part active \u00e0 la prestation de services juridiques en collaboration avec les autres membres de l&rsquo;\u00e9quipe. Nos commis poss\u00e8dent la formation et l&rsquo;exp\u00e9rience voulues, et consacrent leurs efforts \u00e0 s&rsquo;assurer la confiance de nos clients et \u00e0 faire en sorte que leur cause connaisse une heureuse issue.<\/p>\n","protected":false},"excerpt":{"rendered":"<p>Les commis assistent les avocats dans la pr\u00e9paration et l&rsquo;administration de leurs obligations juridiques. Ils prennent une part active \u00e0 la prestation de services juridiques en collaboration avec les autres membres de l&rsquo;\u00e9quipe. Nos commis poss\u00e8dent la formation et l&rsquo;exp\u00e9rience voulues, et consacrent leurs efforts \u00e0 s&rsquo;assurer la confiance de nos clients et \u00e0 faire [&hellip;]<\/p>\n","protected":false},"author":2,"featured_media":0,"parent":4294,"menu_order":1,"comment_status":"closed","ping_status":"closed","template":"page-people.php","meta":{"_acf_changed":false,"footnotes":""},"class_list":["post-4296","page","type-page","status-publish","hentry"],"acf":[],"_links":{"self":[{"href":"https:\/\/perlaw.ca\/fr\/wp-json\/wp\/v2\/pages\/4296","targetHints":{"allow":["GET"]}}],"collection":[{"href":"https:\/\/perlaw.ca\/fr\/wp-json\/wp\/v2\/pages"}],"about":[{"href":"https:\/\/perlaw.ca\/fr\/wp-json\/wp\/v2\/types\/page"}],"author":[{"embeddable":true,"href":"https:\/\/perlaw.ca\/fr\/wp-json\/wp\/v2\/users\/2"}],"replies":[{"embeddable":true,"href":"https:\/\/perlaw.ca\/fr\/wp-json\/wp\/v2\/comments?post=4296"}],"version-history":[{"count":1,"href":"https:\/\/perlaw.ca\/fr\/wp-json\/wp\/v2\/pages\/4296\/revisions"}],"predecessor-version":[{"id":4333,"href":"https:\/\/perlaw.ca\/fr\/wp-json\/wp\/v2\/pages\/4296\/revisions\/4333"}],"up":[{"embeddable":true,"href":"https:\/\/perlaw.ca\/fr\/wp-json\/wp\/v2\/pages\/4294"}],"wp:attachment":[{"href":"https:\/\/perlaw.ca\/fr\/wp-json\/wp\/v2\/media?parent=4296"}],"curies":[{"name":"wp","href":"https:\/\/api.w.org\/{rel}","templated":true}]}}