{"id":4299,"date":"2019-05-16T13:53:37","date_gmt":"2019-05-16T13:53:37","guid":{"rendered":"https:\/\/perlaw.ca\/newsroom\/"},"modified":"2022-09-29T15:22:37","modified_gmt":"2022-09-29T19:22:37","slug":"nouvelles","status":"publish","type":"page","link":"https:\/\/perlaw.ca\/fr\/nouvelles\/","title":{"rendered":"Salle des nouvelles"},"content":{"rendered":"<div class=\"col2\">Apprenez les derni\u00e8res nouvelles dans le domaine juridique, y compris les nouvelles pertinentes du milieu des affaires ou d\u2019autres domaines sp\u00e9cialis\u00e9s qui peuvent vous int\u00e9resser, et obtenez des renseignements concernant Perley-Robertson, Hill &amp; McDougall. Nous sommes un cabinet en croissance ayant une r\u00e9putation internationale comme chef de file dans un \u00e9ventail de champs. Il se passe toujours quelque chose ici.<\/div>\n","protected":false},"excerpt":{"rendered":"<p>Apprenez les derni\u00e8res nouvelles dans le domaine juridique, y compris les nouvelles pertinentes du milieu des affaires ou d\u2019autres domaines sp\u00e9cialis\u00e9s qui peuvent vous int\u00e9resser, et obtenez des renseignements concernant Perley-Robertson, Hill &amp; McDougall. Nous sommes un cabinet en croissance ayant une r\u00e9putation internationale comme chef de file dans un \u00e9ventail de champs. Il se [&hellip;]<\/p>\n","protected":false},"author":2,"featured_media":3800,"parent":0,"menu_order":7,"comment_status":"closed","ping_status":"closed","template":"page-newsroom.php","meta":{"_acf_changed":false,"footnotes":""},"class_list":["post-4299","page","type-page","status-publish","has-post-thumbnail","hentry"],"acf":[],"_links":{"self":[{"href":"https:\/\/perlaw.ca\/fr\/wp-json\/wp\/v2\/pages\/4299","targetHints":{"allow":["GET"]}}],"collection":[{"href":"https:\/\/perlaw.ca\/fr\/wp-json\/wp\/v2\/pages"}],"about":[{"href":"https:\/\/perlaw.ca\/fr\/wp-json\/wp\/v2\/types\/page"}],"author":[{"embeddable":true,"href":"https:\/\/perlaw.ca\/fr\/wp-json\/wp\/v2\/users\/2"}],"replies":[{"embeddable":true,"href":"https:\/\/perlaw.ca\/fr\/wp-json\/wp\/v2\/comments?post=4299"}],"version-history":[{"count":4,"href":"https:\/\/perlaw.ca\/fr\/wp-json\/wp\/v2\/pages\/4299\/revisions"}],"predecessor-version":[{"id":6485,"href":"https:\/\/perlaw.ca\/fr\/wp-json\/wp\/v2\/pages\/4299\/revisions\/6485"}],"wp:featuredmedia":[{"embeddable":true,"href":"https:\/\/perlaw.ca\/fr\/wp-json\/wp\/v2\/media\/3800"}],"wp:attachment":[{"href":"https:\/\/perlaw.ca\/fr\/wp-json\/wp\/v2\/media?parent=4299"}],"curies":[{"name":"wp","href":"https:\/\/api.w.org\/{rel}","templated":true}]}}