{"id":5003,"date":"2020-04-07T15:36:08","date_gmt":"2020-04-07T19:36:08","guid":{"rendered":"https:\/\/perlaw.ca\/?page_id=5003"},"modified":"2020-04-07T15:40:21","modified_gmt":"2020-04-07T19:40:21","slug":"sante-publique","status":"publish","type":"page","link":"https:\/\/perlaw.ca\/fr\/expertise\/litige\/sante-publique\/","title":{"rendered":"Sant\u00e9 publique"},"content":{"rendered":"<p>Alors que la situation r\u00e9cente de la COVID-19 continue d\u2019\u00e9voluer, les responsables de la sant\u00e9 publique doivent \u00eatre \u00e9quip\u00e9s pour faire face \u00e0 une grande vari\u00e9t\u00e9 de sc\u00e9narios.<\/p>\n<p>Le Groupe consultatif sur la sant\u00e9 publique a \u00e9t\u00e9 cr\u00e9\u00e9 afin de mieux servir les responsables de la sant\u00e9 publique de l\u2019Ontario, y compris les m\u00e9decins-hygi\u00e9nistes et les unit\u00e9s de sant\u00e9 publique. Notre \u00e9quipe fournit des conseils strat\u00e9giques aux employeurs dans le domaine de la sant\u00e9 publique.<\/p>\n<p>Nos juristes en droit de l\u2019emploi et du travail s\u2019occupent r\u00e9guli\u00e8rement de tous les aspects de la relation entre les employ\u00e9s et les employeurs, ainsi que de la n\u00e9gociation de conventions collectives et de griefs, d\u2019arbitrages et de litiges d\u00e9coulant du processus de n\u00e9gociation collective.<\/p>\n<p>Notre Groupe de litiges fournit des conseils juridiques sur les questions de sant\u00e9 publique, comme l\u2019interpr\u00e9tation et l\u2019application de la l\u00e9gislation sur la sant\u00e9 publique, y compris la <em>Loi sur la <\/em><em>protection et<\/em><em> la promotion de la sant\u00e9<\/em> et la <em>Loi sur l\u2019immunisation des \u00e9l\u00e8ves<\/em> ainsi que leurs r\u00e8glements respectifs.<\/p>\n<p>En plus des conseils juridiques, nos juristes m\u00e8nent des audiences devant les tribunaux, ainsi que le <em>Commission de r\u00e9vision et d&rsquo;appel des services de sant\u00e9<\/em> au nom des professionnels de la sant\u00e9 publique, y compris les poursuites en vertu de la <em>Loi sur les <\/em><em>infractions provinciales<\/em> relativement aux questions de sant\u00e9 publique et aux appels des ordres de sant\u00e9 publique.<\/p>\n","protected":false},"excerpt":{"rendered":"<p>Alors que la situation r\u00e9cente de la COVID-19 continue d\u2019\u00e9voluer, les responsables de la sant\u00e9 publique doivent \u00eatre \u00e9quip\u00e9s pour faire face \u00e0 une grande vari\u00e9t\u00e9 de sc\u00e9narios. Le Groupe consultatif sur la sant\u00e9 publique a \u00e9t\u00e9 cr\u00e9\u00e9 afin de mieux servir les responsables de la sant\u00e9 publique de l\u2019Ontario, y compris les m\u00e9decins-hygi\u00e9nistes et [&hellip;]<\/p>\n","protected":false},"author":3,"featured_media":0,"parent":4156,"menu_order":4,"comment_status":"closed","ping_status":"closed","template":"page-exp-service.php","meta":{"_acf_changed":false,"footnotes":""},"class_list":["post-5003","page","type-page","status-publish","hentry"],"acf":[],"_links":{"self":[{"href":"https:\/\/perlaw.ca\/fr\/wp-json\/wp\/v2\/pages\/5003","targetHints":{"allow":["GET"]}}],"collection":[{"href":"https:\/\/perlaw.ca\/fr\/wp-json\/wp\/v2\/pages"}],"about":[{"href":"https:\/\/perlaw.ca\/fr\/wp-json\/wp\/v2\/types\/page"}],"author":[{"embeddable":true,"href":"https:\/\/perlaw.ca\/fr\/wp-json\/wp\/v2\/users\/3"}],"replies":[{"embeddable":true,"href":"https:\/\/perlaw.ca\/fr\/wp-json\/wp\/v2\/comments?post=5003"}],"version-history":[{"count":1,"href":"https:\/\/perlaw.ca\/fr\/wp-json\/wp\/v2\/pages\/5003\/revisions"}],"predecessor-version":[{"id":5004,"href":"https:\/\/perlaw.ca\/fr\/wp-json\/wp\/v2\/pages\/5003\/revisions\/5004"}],"up":[{"embeddable":true,"href":"https:\/\/perlaw.ca\/fr\/wp-json\/wp\/v2\/pages\/4156"}],"wp:attachment":[{"href":"https:\/\/perlaw.ca\/fr\/wp-json\/wp\/v2\/media?parent=5003"}],"curies":[{"name":"wp","href":"https:\/\/api.w.org\/{rel}","templated":true}]}}